{"id":2333,"date":"2025-05-13T11:13:55","date_gmt":"2025-05-13T15:13:55","guid":{"rendered":"https:\/\/thelepetitspa.com\/politica-y-condiciones\/"},"modified":"2025-05-13T11:29:34","modified_gmt":"2025-05-13T15:29:34","slug":"politica-y-condiciones","status":"publish","type":"page","link":"https:\/\/thelepetitspa.com\/es\/politica-y-condiciones\/","title":{"rendered":"Pol\u00edtica y condiciones"},"content":{"rendered":"\t\t<div data-elementor-type=\"wp-page\" data-elementor-id=\"2333\" class=\"elementor elementor-2333 elementor-2331\" data-elementor-post-type=\"page\">\n\t\t\t\t\t\t<section data-particle_enable=\"false\" data-particle-mobile-disabled=\"false\" class=\"elementor-section elementor-top-section elementor-element elementor-element-61c894a elementor-section-boxed elementor-section-height-default elementor-section-height-default\" data-id=\"61c894a\" data-element_type=\"section\" data-e-type=\"section\" data-settings=\"{&quot;background_background&quot;:&quot;gradient&quot;,&quot;shape_divider_bottom&quot;:&quot;triangle&quot;}\">\n\t\t\t\t\t<div class=\"elementor-shape elementor-shape-bottom\" aria-hidden=\"true\" data-negative=\"false\">\n\t\t\t<svg xmlns=\"http:\/\/www.w3.org\/2000\/svg\" viewBox=\"0 0 1000 100\" preserveAspectRatio=\"none\">\n\t<path class=\"elementor-shape-fill\" d=\"M500,98.9L0,6.1V0h1000v6.1L500,98.9z\"\/>\n<\/svg>\t\t<\/div>\n\t\t\t\t\t<div class=\"elementor-container elementor-column-gap-default\">\n\t\t\t\t\t<div class=\"elementor-column elementor-col-100 elementor-top-column elementor-element elementor-element-392da7a\" data-id=\"392da7a\" data-element_type=\"column\" data-e-type=\"column\">\n\t\t\t<div class=\"elementor-widget-wrap elementor-element-populated\">\n\t\t\t\t\t\t<div class=\"elementor-element elementor-element-e15ed57 elementor-widget elementor-widget-text-editor\" data-id=\"e15ed57\" data-element_type=\"widget\" data-e-type=\"widget\" data-widget_type=\"text-editor.default\">\n\t\t\t\t<div class=\"elementor-widget-container\">\n\t\t\t\t\t\t\t\t\t<h2 dir=\"ltr\" style=\"text-align: center;\">Pol\u00edtica y condiciones<\/h2>\t\t\t\t\t\t\t\t<\/div>\n\t\t\t\t<\/div>\n\t\t\t\t<div class=\"elementor-element elementor-element-1735460 elementor-widget elementor-widget-text-editor\" data-id=\"1735460\" data-element_type=\"widget\" data-e-type=\"widget\" data-widget_type=\"text-editor.default\">\n\t\t\t\t<div class=\"elementor-widget-container\">\n\t\t\t\t\t\t\t\t\t<p dir=\"ltr\" style=\"text-align: left;\">Con 18 a\u00f1os de experiencia, Le Petit Spa ha trabajado duro para que cada evento sea inolvidable.<\/p><p dir=\"ltr\" style=\"text-align: left;\">Con el tiempo, pudimos dominar cada paso del camino para hacerlo<\/p><p dir=\"ltr\" style=\"text-align: left;\">un proceso muy fluido, desde el grupo m\u00e1s peque\u00f1o de chicas hasta el m\u00e1s grande.<\/p><p dir=\"ltr\" style=\"text-align: left;\">Pedimos a los posibles clientes que lean las siguientes pol\u00edticas y procedimientos para asegurarnos de que trabajamos correctamente.<\/p><p dir=\"ltr\" style=\"text-align: left;\">Le Petite Spa es un negocio de fin de semana. Intentamos alojar a tres princesas que quieren celebrar su cumplea\u00f1os en un solo d\u00eda; por eso, estamos equipados con los suministros m\u00e1s necesarios para que lleves menos al local.   <\/p><p dir=\"ltr\" style=\"text-align: left;\">Nuestro personal est\u00e1 formado para ayudarte durante los 30 minutos que tienes para montar y recoger.<\/p><p dir=\"ltr\" style=\"text-align: left;\">Si tienes previsto hacer muchos preparativos, te recomendamos que reserves la primera fiesta del d\u00eda. De ese modo, dispondr\u00e1s de una hora para el montaje, o lo ideal ser\u00eda pagar una hora m\u00e1s. <\/p><p dir=\"ltr\" style=\"text-align: left;\">Proporcionamos:<\/p><p dir=\"ltr\" style=\"text-align: left;\">Soportes para tartas<\/p><p dir=\"ltr\" style=\"text-align: left;\">Bandejas blancas<\/p><p dir=\"ltr\" style=\"text-align: left;\">Abrebotellas<\/p><p dir=\"ltr\" style=\"text-align: left;\">Cubiteras para ni\u00f1os y adultos (NO se proporciona HIELO)<\/p><p dir=\"ltr\" style=\"text-align: left;\">M\u00e1s ligero<\/p><p dir=\"ltr\" style=\"text-align: left;\">Bolsas de basura<\/p><p dir=\"ltr\" style=\"text-align: left;\">Manteles<\/p><p dir=\"ltr\" style=\"text-align: left;\">Cuchillo para tartas<\/p><p dir=\"ltr\" style=\"text-align: left;\">Enfriador<\/p><p dir=\"ltr\" style=\"text-align: left;\">Reservas y pagos:<\/p><p dir=\"ltr\" style=\"text-align: left;\">Nuestro sistema personalizado te permite reservar en persona o por correo electr\u00f3nico.<\/p><p dir=\"ltr\" style=\"text-align: left;\">Por favor, env\u00eda tu formulario de dep\u00f3sito en cuanto lo recibas por correo electr\u00f3nico. No retenemos fechas sin un dep\u00f3sito. Recibimos varias llamadas telef\u00f3nicas al d\u00eda preguntando por la disponibilidad. No podemos garantizar algunas fechas y horas disponibles una vez finalizada la llamada.   <\/p><p dir=\"ltr\" style=\"text-align: left;\">Para tu comodidad, tenemos un calendario actualizado en nuestro sitio web. Ll\u00e1manos para reconfirmar si algunas fechas pueden estar abiertas o si quieres que te a\u00f1adamos a la lista de espera. A veces, tenemos cancelaciones o fechas aplazadas.  <\/p><p dir=\"ltr\" style=\"text-align: left;\">Requerimos un dep\u00f3sito de 500 $, totalmente reembolsable en un plazo de 4 semanas y no reembolsable 3 semanas antes del evento. Sin embargo, puedes cambiar las fechas si est\u00e1n disponibles. Este dep\u00f3sito se deduce de tu saldo, que se paga al final de la fiesta. No se aceptan cheques. En los pagos con tarjeta de cr\u00e9dito debe estar presente la tarjeta. Para evitar los gastos de procesamiento de las tarjetas de cr\u00e9dito, recomendamos el pago en efectivo o Zelle. Si quieres hacer pagos adicionales para el saldo, necesitaremos el formulario con una firma que nos autorice a cargar en tu tarjeta la cantidad que desees.      <\/p><p dir=\"ltr\" style=\"text-align: left;\">Capacidad m\u00e1xima de invitados:<\/p><p dir=\"ltr\" style=\"text-align: left;\">El n\u00famero m\u00e1ximo de chicas que pueden asistir a una fiesta con sus padres o tutores es de 40. La capacidad m\u00e1xima de Le Petit Spa es de 130 personas. <\/p><p dir=\"ltr\" style=\"text-align: left;\">Objetos perdidos:<\/p><p dir=\"ltr\" style=\"text-align: left;\">No nos hacemos responsables de los objetos perdidos en nuestro local. Sin embargo, disponemos de una papelera de objetos perdidos en la que depositamos los objetos encontrados. Nuestro local est\u00e1 totalmente equipado con c\u00e1maras por si se pierden objetos de valor, que recomendamos no traer. Recomendamos encarecidamente que el anfitri\u00f3n haga un \u00faltimo recorrido despu\u00e9s de su fiesta para asegurarse de que no se ha dejado nada antes de que llegue la siguiente fiesta.   <\/p><p dir=\"ltr\" style=\"text-align: left;\">Comunicaci\u00f3n:<\/p><p dir=\"ltr\" style=\"text-align: left;\">No atendemos llamadas telef\u00f3nicas durante el fin de semana por comodidad de nuestro personal y para asegurarnos de que prestan mucha atenci\u00f3n a tu fiesta. Sin embargo, nuestra l\u00ednea telef\u00f3nica est\u00e1 conectada con alguien que est\u00e1 disponible para ti y tus invitados si necesit\u00e1is ayuda antes, durante o despu\u00e9s de la fiesta. Si llamas durante el fin de semana para hablar de tu pr\u00f3ximo evento, por favor, ten paciencia, ya que intentamos que nuestras fiestas de fin de semana sean la experiencia m\u00e1s m\u00e1gica posible. No dudes en ponerte en contacto con nosotros durante nuestro horario comercial, de martes a viernes, de 10 a 18 h. Tambi\u00e9n nos comunicamos a trav\u00e9s de WhatsApp. En caso de emergencia, env\u00edanos un correo electr\u00f3nico a <a href=\"mailto:lepetitspacoralgables@gmail.com\" target=\"_blank\" rel=\"noopener\">lepetitspacoralgables@gmail.<wbr><\/wbr>com<\/a>.     <\/p><p dir=\"ltr\" style=\"text-align: left;\">Vendedores externos:<\/p><p dir=\"ltr\" style=\"text-align: left;\">Permitimos vendedores externos, pero eres responsable de cualquier da\u00f1o que causen. No permitimos cocinar en nuestro local, ni dentro ni fuera. T\u00fa o tu proveedor deb\u00e9is retirar los telones de fondo al final de la fiesta. No est\u00e1 permitido tirar paneles de tel\u00f3n de fondo en nuestro edificio.   <\/p><p dir=\"ltr\" style=\"text-align: left;\">Los pedidos de comida deben enviarse por correo electr\u00f3nico en un plazo de 2 semanas antes del evento, y es posible que algunos platos de la lista no est\u00e9n disponibles en la fecha de recepci\u00f3n del servicio de catering.<\/p><p dir=\"ltr\" style=\"text-align: left;\">Mesa de tartas y dulces:<\/p><p dir=\"ltr\" style=\"text-align: left;\">Si quieres encargarnos una tarta, env\u00edanos por correo electr\u00f3nico una foto del dise\u00f1o deseado y el n\u00famero de personas a las que servir\u00e1. D\u00e9janos unos d\u00edas para darte un presupuesto, m\u00e1s la entrega. Nuestra mesa de dulces se montar\u00e1 antes de la fiesta, como la foto que aparece en nuestro sitio web. Los colores y temas pueden modificarse a petici\u00f3n.   <\/p><p dir=\"ltr\" style=\"text-align: left;\">Si traes tu tarta, no podemos recibir ninguna entrega m\u00e1s de 30 minutos antes de tu fiesta, a menos que sea la primera parte del d\u00eda. No nos hacemos responsables de ning\u00fan da\u00f1o cuando la entrega la realiza un proveedor externo. <\/p><p dir=\"ltr\" style=\"text-align: left;\">Invitaciones:<\/p><p dir=\"ltr\" style=\"text-align: left;\">Nuestras invitaciones digitales se env\u00edan despu\u00e9s de recibir tu dep\u00f3sito. Por favor, aseg\u00farate de escribir el nombre, la edad y la informaci\u00f3n de confirmaci\u00f3n de asistencia de tu hija en el formulario de dep\u00f3sito para garantizar una entrega m\u00e1s r\u00e1pida. Si te das cuenta de que no has recibido tu invitaci\u00f3n personalizada despu\u00e9s de enviar el dep\u00f3sito, ponte en contacto con nosotros por correo electr\u00f3nico. Nuestras invitaciones se dise\u00f1an a medida para cada paquete. Si est\u00e1s indeciso sobre qu\u00e9 paquete elegir, tambi\u00e9n tenemos un dise\u00f1o est\u00e1ndar para que lo env\u00edes. NO SE PUEDEN HACER CAMBIOS EN EL DISE\u00d1O.     <\/p><p dir=\"ltr\" style=\"text-align: left;\">NO LO PERMITIMOS:<\/p><p dir=\"ltr\" style=\"text-align: left;\">Pi\u00f1atas, confeti, baba, m\u00e1quina de niebla, burbujas, pintura, rotuladores permanentes, l\u00e1pices de colores, perros (o cualquier otro animal dom\u00e9stico), cinta adhesiva en las paredes, cinta adhesiva en el suelo, clavos en las paredes, grapas en las mesas, cinta adhesiva en el mostrador, vino tinto, fuente de chocolate o cualquier alimento que pueda da\u00f1ar nuestro Precioso local, las paredes, la ropa y los disfraces.<\/p><p dir=\"ltr\" style=\"text-align: left;\">PERMITIMOS:<\/p><p dir=\"ltr\" style=\"text-align: left;\">Comida en el exterior, bebidas alcoh\u00f3licas (excepto vino tinto), globos, personajes, pintura de caras, DJ, servicios de entretenimiento con algunas limitaciones, artesan\u00eda, camareros, servicios de catering, robots LED, luces negras y luces de discoteca.<\/p><p dir=\"ltr\" style=\"text-align: left;\">Hora de entrada<\/p><p dir=\"ltr\" style=\"text-align: left;\">Como tenemos muchos eventos en un d\u00eda, te pedimos que entres respetuosamente en el recinto 30 minutos antes, a menos que seas la primera fiesta del d\u00eda o una fiesta entre semana. Debes comunicar esta norma a tu proveedor. No podemos tener a los vendedores fuera esperando para el montaje durante o al final de una fiesta.  <\/p><p dir=\"ltr\" style=\"text-align: left;\">Cuando termine la fiesta, te rogamos que te marches 30 minutos despu\u00e9s para que los siguientes invitados puedan instalarse. Prometemos hacer que este proceso sea fluido y sin estr\u00e9s. <\/p><p dir=\"ltr\" style=\"text-align: left;\">Alimentos y alergias:<\/p><p dir=\"ltr\" style=\"text-align: left;\">Comida de fuera: Le Petit Spa NO se hace responsable de las alergias causadas por la entrega de comida externa.<\/p><p dir=\"ltr\" style=\"text-align: left;\">De nuestro Men\u00fa: Eres responsable de informarnos si alguno de tus invitados tiene alergias y de comunic\u00e1rselo al servicio de catering.<\/p><p dir=\"ltr\" style=\"text-align: left;\">Somos un spa de fantas\u00eda; nuestros tratamientos faciales de fantas\u00eda se realizan con agua, Cetaphil y pepinos de verdad (se pueden solicitar pepinos de mentira con tiempo suficiente).<\/p><p dir=\"ltr\" style=\"text-align: left;\">Nos gustar\u00eda saber si alguna de las ni\u00f1as que asisten tiene alergia, de lo contrario NO nos hacemos responsables.<\/p><p dir=\"ltr\" style=\"text-align: left;\">Si quieres que utilicemos esmalte de u\u00f1as al agua, el anfitri\u00f3n de la fiesta deber\u00e1 proporcionarlo.<\/p><p dir=\"ltr\" style=\"text-align: left;\">Utilizamos sombras de ojos normales, purpurina y brillo de labios para maquillarnos. Como medida de seguridad, los aplicamos con un aplicador desechable y s\u00f3lo los utilizamos una vez. <\/p><p dir=\"ltr\" style=\"text-align: left;\">Por la seguridad de nuestras peque\u00f1as, no reutilizamos los peines. Cada ni\u00f1a recibir\u00e1 su peine, y podr\u00e1n llev\u00e1rselo a casa al final de la fiesta. <\/p><p dir=\"ltr\" style=\"text-align: left;\">Si alguna chica tiene piojos, interrumpiremos inmediatamente el servicio y avisaremos al anfitri\u00f3n de la fiesta. Se trata de un asunto muy delicado, y no queremos incomodar a nadie mientras intentamos mantener a salvo a todo el mundo. <\/p><p dir=\"ltr\" style=\"text-align: left;\">Propinas:<\/p><p dir=\"ltr\" style=\"text-align: left;\">Nuestras Mu\u00f1ecas trabajan muy duro de principio a fin para que tu evento est\u00e9 libre de estr\u00e9s y sea la experiencia m\u00e1s m\u00e1gica para tu hija. En las fiestas con m\u00e1s de 15 ni\u00f1as confirmadas, se a\u00f1ade autom\u00e1ticamente un 15% de propina a la factura. Aun as\u00ed, si superaron tus expectativas, ser\u00eda muy de agradecer que modificaras su propina. Cuando a las fiestas asistan menos de 15 ni\u00f1as, tendremos tres opciones de porcentaje en la parte inferior de la factura para que decidas.   <\/p><p dir=\"ltr\" style=\"text-align: left;\">Accidentes y da\u00f1os:<\/p><p dir=\"ltr\" style=\"text-align: left;\">Es responsabilidad del anfitri\u00f3n si nuestro local sufre da\u00f1os durante la fiesta. Cualquier art\u00edculo que no se devuelva, como camisetas, tut\u00fas, batas y disfraces, correr\u00e1 a cargo del anfitri\u00f3n; recomendamos encarecidamente avisar a los invitados de que todos los art\u00edculos mencionados deben devolverse, a menos que el anfitri\u00f3n traiga los suyos propios para regalar. <\/p><p dir=\"ltr\" style=\"text-align: left;\">Aparcamiento y entrega:<\/p><p dir=\"ltr\" style=\"text-align: left;\">Coral Gables puede ser frustrante en lo que se refiere al aparcamiento, especialmente cuando se quiere asistir a una fiesta a tiempo. Hemos confeccionado convenientemente un Mapa del aparcamiento para compartirlo con tus invitados. Tenemos tres opciones de aparcamiento: aparcacoches, aparcamiento p\u00fablico en la segunda planta de nuestro edificio y parqu\u00edmetros exteriores. Este mapa se adjuntar\u00e1 a tu factura enviada por correo electr\u00f3nico.   <\/p><p dir=\"ltr\" style=\"text-align: left;\">La puerta trasera de nuestro local puede utilizarse c\u00f3modamente para entregar comida, suministros u otros productos; la entrada es por la calle Giralda, pasada la caseta del aparcacoches. Somos la puerta n\u00ba 3. No tenemos timbre. Por favor, llama a la puerta s\u00f3lo 30 minutos antes de que empiece la fiesta para no interrumpir la fiesta de otra persona.   <\/p>\t\t\t\t\t\t\t\t<\/div>\n\t\t\t\t<\/div>\n\t\t\t\t\t<\/div>\n\t\t<\/div>\n\t\t\t\t\t<\/div>\n\t\t<\/section>\n\t\t\t\t<\/div>\n\t\t","protected":false},"excerpt":{"rendered":"<p>Pol\u00edtica y condiciones Con 18 a\u00f1os de experiencia, Le Petit Spa ha trabajado duro para que cada evento sea inolvidable. Con el tiempo, pudimos dominar cada paso del camino para hacerlo un proceso muy fluido, desde el grupo m\u00e1s peque\u00f1o de chicas hasta el m\u00e1s grande. Pedimos a los posibles clientes que lean las siguientes [&hellip;]<\/p>\n","protected":false},"author":6,"featured_media":0,"parent":0,"menu_order":0,"comment_status":"closed","ping_status":"closed","template":"","meta":{"footnotes":""},"class_list":["post-2333","page","type-page","status-publish","hentry"],"_links":{"self":[{"href":"https:\/\/thelepetitspa.com\/es\/wp-json\/wp\/v2\/pages\/2333","targetHints":{"allow":["GET"]}}],"collection":[{"href":"https:\/\/thelepetitspa.com\/es\/wp-json\/wp\/v2\/pages"}],"about":[{"href":"https:\/\/thelepetitspa.com\/es\/wp-json\/wp\/v2\/types\/page"}],"author":[{"embeddable":true,"href":"https:\/\/thelepetitspa.com\/es\/wp-json\/wp\/v2\/users\/6"}],"replies":[{"embeddable":true,"href":"https:\/\/thelepetitspa.com\/es\/wp-json\/wp\/v2\/comments?post=2333"}],"version-history":[{"count":3,"href":"https:\/\/thelepetitspa.com\/es\/wp-json\/wp\/v2\/pages\/2333\/revisions"}],"predecessor-version":[{"id":2351,"href":"https:\/\/thelepetitspa.com\/es\/wp-json\/wp\/v2\/pages\/2333\/revisions\/2351"}],"wp:attachment":[{"href":"https:\/\/thelepetitspa.com\/es\/wp-json\/wp\/v2\/media?parent=2333"}],"curies":[{"name":"wp","href":"https:\/\/api.w.org\/{rel}","templated":true}]}}