{"id":2298,"date":"2025-05-09T10:16:33","date_gmt":"2025-05-09T14:16:33","guid":{"rendered":"https:\/\/thelepetitspa.com\/carrera-profesional\/"},"modified":"2025-05-14T11:31:01","modified_gmt":"2025-05-14T15:31:01","slug":"carrera-profesional","status":"publish","type":"page","link":"https:\/\/thelepetitspa.com\/es\/carrera-profesional\/","title":{"rendered":"Carrera profesional"},"content":{"rendered":"\t\t<div data-elementor-type=\"wp-page\" data-elementor-id=\"2298\" class=\"elementor elementor-2298 elementor-2296\" data-elementor-post-type=\"page\">\n\t\t\t\t\t\t<section data-particle_enable=\"false\" data-particle-mobile-disabled=\"false\" class=\"elementor-section elementor-top-section elementor-element elementor-element-b511387 elementor-section-boxed elementor-section-height-default elementor-section-height-default\" data-id=\"b511387\" data-element_type=\"section\" data-e-type=\"section\" data-settings=\"{&quot;background_background&quot;:&quot;gradient&quot;,&quot;shape_divider_bottom&quot;:&quot;triangle&quot;}\">\n\t\t\t\t\t<div class=\"elementor-shape elementor-shape-bottom\" aria-hidden=\"true\" data-negative=\"false\">\n\t\t\t<svg xmlns=\"http:\/\/www.w3.org\/2000\/svg\" viewBox=\"0 0 1000 100\" preserveAspectRatio=\"none\">\n\t<path class=\"elementor-shape-fill\" d=\"M500,98.9L0,6.1V0h1000v6.1L500,98.9z\"\/>\n<\/svg>\t\t<\/div>\n\t\t\t\t\t<div class=\"elementor-container elementor-column-gap-default\">\n\t\t\t\t\t<div class=\"elementor-column elementor-col-100 elementor-top-column elementor-element elementor-element-5fb51c3\" data-id=\"5fb51c3\" data-element_type=\"column\" data-e-type=\"column\" data-settings=\"{&quot;background_background&quot;:&quot;classic&quot;}\">\n\t\t\t<div class=\"elementor-widget-wrap elementor-element-populated\">\n\t\t\t\t\t\t<div class=\"elementor-element elementor-element-f5a7669 elementor-widget elementor-widget-text-editor\" data-id=\"f5a7669\" data-element_type=\"widget\" data-e-type=\"widget\" data-widget_type=\"text-editor.default\">\n\t\t\t\t<div class=\"elementor-widget-container\">\n\t\t\t\t\t\t\t\t\t<h2>Forma parte de nuestro equipo<\/h2>\n<p>La descripci\u00f3n del trabajo consiste, entre otras cosas, en peinar a las chicas, maquillarlas, hacerles pedicuras, manicuras, tratamientos faciales, masajes, jugar, servir pasteles, comida y limpiar despu\u00e9s de las fiestas. Los servicios son s\u00f3lo para fines de entretenimiento, por lo que no se necesita licencia. Y los servicios son para los ni\u00f1os. Todos los coordinadores de la fiesta tienen que disfrazarse de mu\u00f1eca, para lo cual proporcionamos todos los disfraces.<\/p>\t\t\t\t\t\t\t\t<\/div>\n\t\t\t\t<\/div>\n\t\t\t\t<div class=\"elementor-element elementor-element-c694c64 elementor-widget elementor-widget-shortcode\" data-id=\"c694c64\" data-element_type=\"widget\" data-e-type=\"widget\" data-widget_type=\"shortcode.default\">\n\t\t\t\t<div class=\"elementor-widget-container\">\n\t\t\t\t\t\t\t<div class=\"elementor-shortcode\"><div class=\"forminator-ui forminator-custom-form forminator-custom-form-2295 forminator-design--material  forminator_ajax\" data-forminator-render=\"0\" data-form=\"forminator-module-2295\" data-uid=\"69dff1f0d3cd5\"><br\/><\/div><form\n\t\t\t\tid=\"forminator-module-2295\"\n\t\t\t\tclass=\"forminator-ui forminator-custom-form forminator-custom-form-2295 forminator-design--material  forminator_ajax\"\n\t\t\t\tmethod=\"post\"\n\t\t\t\tdata-forminator-render=\"0\"\n\t\t\t\tdata-form-id=\"2295\"\n\t\t\t\tenctype=\"multipart\/form-data\" data-color-option=\"default\" data-design=\"material\" data-grid=\"open\" style=\"display: none;\"\n\t\t\t\tdata-uid=\"69dff1f0d3cd5\"\n\t\t\t><div role=\"alert\" aria-live=\"polite\" class=\"forminator-response-message forminator-error\" aria-hidden=\"true\"><\/div><div class=\"forminator-row\"><div id=\"name-1\" class=\"forminator-field-name forminator-col forminator-col-12 \"><div class=\"forminator-field\"><label for=\"forminator-field-name-1_69dff1f0d3cd5\" id=\"forminator-field-name-1_69dff1f0d3cd5-label\" class=\"forminator-label\">Full Name <span class=\"forminator-required\">*<\/span><\/label><input type=\"text\" name=\"name-1\" value=\"\" placeholder=\"Enter your full name\" id=\"forminator-field-name-1_69dff1f0d3cd5\" class=\"forminator-input forminator-name--field\" aria-required=\"true\" autocomplete=\"name\" \/><\/div><\/div><\/div><div class=\"forminator-row\"><div id=\"email-1\" class=\"forminator-field-email forminator-col forminator-col-12 \"><div class=\"forminator-field\"><label for=\"forminator-field-email-1_69dff1f0d3cd5\" id=\"forminator-field-email-1_69dff1f0d3cd5-label\" class=\"forminator-label\">Email Address <span class=\"forminator-required\">*<\/span><\/label><input type=\"email\" name=\"email-1\" value=\"\" placeholder=\"Enter your email address\" id=\"forminator-field-email-1_69dff1f0d3cd5\" class=\"forminator-input forminator-email--field\" data-required=\"true\" aria-required=\"true\" autocomplete=\"email\" \/><\/div><\/div><\/div><div class=\"forminator-row\"><div id=\"phone-1\" class=\"forminator-field-phone forminator-col forminator-col-12 \"><div class=\"forminator-field\"><label for=\"forminator-field-phone-1_69dff1f0d3cd5\" id=\"forminator-field-phone-1_69dff1f0d3cd5-label\" class=\"forminator-label\">Phone Number <span class=\"forminator-required\">*<\/span><\/label><input type=\"text\" name=\"phone-1\" value=\"\" placeholder=\"Enter your phone number\" id=\"forminator-field-phone-1_69dff1f0d3cd5\" class=\"forminator-input forminator-field--phone\" data-required=\"1\" aria-required=\"true\" autocomplete=\"off\" \/><\/div><\/div><\/div><div class=\"forminator-row\"><div id=\"address-1\" class=\"forminator-field-address forminator-col forminator-col-12 \"><\/div><\/div><div class=\"forminator-row\"><div id=\"radio-1\" class=\"forminator-field-radio forminator-col forminator-col-12 \"><div role=\"radiogroup\" class=\"forminator-field\" aria-labelledby=\"forminator-radiogroup-radio-1-69dff1f0d3cd5-label\"><span id=\"forminator-radiogroup-radio-1-69dff1f0d3cd5-label\" class=\"forminator-label\">Do you currently have a job?<\/span><label id=\"forminator-field-radio-1-label-1\" for=\"forminator-field-radio-1-1-69dff1f0d3cd5\" class=\"forminator-radio\" title=\"Yes\"><input type=\"radio\" name=\"radio-1\" value=\"yes\" id=\"forminator-field-radio-1-1-69dff1f0d3cd5\" aria-labelledby=\"forminator-field-radio-1-label-1\" data-calculation=\"0\"   data-hidden-behavior=\"zero\"\/><span class=\"forminator-radio-bullet\" aria-hidden=\"true\"><\/span><span class=\"forminator-radio-label\">Yes<\/span><\/label><label id=\"forminator-field-radio-1-label-2\" for=\"forminator-field-radio-1-2-69dff1f0d3cd5\" class=\"forminator-radio\" title=\"No\"><input type=\"radio\" name=\"radio-1\" value=\"no\" id=\"forminator-field-radio-1-2-69dff1f0d3cd5\" aria-labelledby=\"forminator-field-radio-1-label-2\" data-calculation=\"0\"   data-hidden-behavior=\"zero\"\/><span class=\"forminator-radio-bullet\" aria-hidden=\"true\"><\/span><span class=\"forminator-radio-label\">No<\/span><\/label><\/div><\/div><\/div><div class=\"forminator-row\"><div id=\"radio-2\" class=\"forminator-field-radio forminator-col forminator-col-12 \"><div role=\"radiogroup\" class=\"forminator-field\" aria-labelledby=\"forminator-radiogroup-radio-2-69dff1f0d3cd5-label\"><span id=\"forminator-radiogroup-radio-2-69dff1f0d3cd5-label\" class=\"forminator-label\">Are you in High School or College?<\/span><label id=\"forminator-field-radio-2-label-1\" for=\"forminator-field-radio-2-1-69dff1f0d3cd5\" class=\"forminator-radio\" title=\"High School\"><input type=\"radio\" name=\"radio-2\" value=\"high_school\" id=\"forminator-field-radio-2-1-69dff1f0d3cd5\" aria-labelledby=\"forminator-field-radio-2-label-1\" data-calculation=\"0\"   data-hidden-behavior=\"zero\"\/><span class=\"forminator-radio-bullet\" aria-hidden=\"true\"><\/span><span class=\"forminator-radio-label\">High School<\/span><\/label><label id=\"forminator-field-radio-2-label-2\" for=\"forminator-field-radio-2-2-69dff1f0d3cd5\" class=\"forminator-radio\" title=\"College\"><input type=\"radio\" name=\"radio-2\" value=\"college\" id=\"forminator-field-radio-2-2-69dff1f0d3cd5\" aria-labelledby=\"forminator-field-radio-2-label-2\" data-calculation=\"0\"   data-hidden-behavior=\"zero\"\/><span class=\"forminator-radio-bullet\" aria-hidden=\"true\"><\/span><span class=\"forminator-radio-label\">College<\/span><\/label><\/div><\/div><\/div><div class=\"forminator-row\"><div id=\"radio-3\" class=\"forminator-field-radio forminator-col forminator-col-12 \"><div role=\"radiogroup\" class=\"forminator-field\" aria-labelledby=\"forminator-radiogroup-radio-3-69dff1f0d3cd5-label\"><span id=\"forminator-radiogroup-radio-3-69dff1f0d3cd5-label\" class=\"forminator-label\">Would this be your first job?<\/span><label id=\"forminator-field-radio-3-label-1\" for=\"forminator-field-radio-3-1-69dff1f0d3cd5\" class=\"forminator-radio\" title=\"Yes\"><input type=\"radio\" name=\"radio-3\" value=\"yes\" id=\"forminator-field-radio-3-1-69dff1f0d3cd5\" aria-labelledby=\"forminator-field-radio-3-label-1\" data-calculation=\"0\"   data-hidden-behavior=\"zero\"\/><span class=\"forminator-radio-bullet\" aria-hidden=\"true\"><\/span><span class=\"forminator-radio-label\">Yes<\/span><\/label><label id=\"forminator-field-radio-3-label-2\" for=\"forminator-field-radio-3-2-69dff1f0d3cd5\" class=\"forminator-radio\" title=\"No\"><input type=\"radio\" name=\"radio-3\" value=\"no\" id=\"forminator-field-radio-3-2-69dff1f0d3cd5\" aria-labelledby=\"forminator-field-radio-3-label-2\" data-calculation=\"0\"   data-hidden-behavior=\"zero\"\/><span class=\"forminator-radio-bullet\" aria-hidden=\"true\"><\/span><span class=\"forminator-radio-label\">No<\/span><\/label><\/div><\/div><\/div><div class=\"forminator-row\"><div id=\"textarea-1\" class=\"forminator-field-textarea forminator-col forminator-col-12 \"><div class=\"forminator-field\"><label for=\"forminator-field-textarea-1_69dff1f0d3cd5\" id=\"forminator-field-textarea-1_69dff1f0d3cd5-label\" class=\"forminator-label\">If NO, where have you worked before?<\/label><textarea name=\"textarea-1\" placeholder=\"Please list your previous work experience\" id=\"forminator-field-textarea-1_69dff1f0d3cd5\" class=\"forminator-textarea\" rows=\"6\" style=\"min-height:100px;\" maxlength=\"500\" ><\/textarea><span id=\"forminator-field-textarea-1_69dff1f0d3cd5-description\" class=\"forminator-description\"><span data-limit=\"500\" data-type=\"characters\" data-editor=\"\">0 \/ 500<\/span><\/span><\/div><\/div><\/div><div class=\"forminator-row\"><div id=\"select-1\" class=\"forminator-field-select forminator-col forminator-col-12 \"><div class=\"forminator-field\"><label for=\"forminator-form-2295__field--select-1_69dff1f0d3cd5\" id=\"forminator-form-2295__field--select-1_69dff1f0d3cd5-label\" class=\"forminator-label\">How did you hear from us?<\/label><select  id=\"forminator-form-2295__field--select-1_69dff1f0d3cd5\" class=\"forminator-select--field forminator-select2 forminator-select2-multiple\" data-required=\"\" name=\"select-1\" data-default-value=\"\" data-hidden-behavior=\"zero\" data-placeholder=\"\" data-search=\"false\" data-search-placeholder=\"\" data-checkbox=\"false\" data-allow-clear=\"false\" aria-labelledby=\"forminator-form-2295__field--select-1_69dff1f0d3cd5-label\"><option value=\"referral\"  data-calculation=\"0\">Friend\/Family Referral<\/option><option value=\"social_media\"  data-calculation=\"0\">Social Media<\/option><option value=\"job_board\"  data-calculation=\"0\">Job Board<\/option><option value=\"website\"  data-calculation=\"0\">Company Website<\/option><option value=\"other\"  data-calculation=\"0\">Other<\/option><\/select><\/div><\/div><\/div><div class=\"forminator-row\"><div id=\"text-1\" class=\"forminator-field-text forminator-col forminator-col-12 \"><div class=\"forminator-field\"><label for=\"forminator-field-text-1_69dff1f0d3cd5\" id=\"forminator-field-text-1_69dff1f0d3cd5-label\" class=\"forminator-label\">If you are a referral. Please tell us who referred you<\/label><input type=\"text\" name=\"text-1\" value=\"\" placeholder=\"Referrer&#039;s name\" id=\"forminator-field-text-1_69dff1f0d3cd5\" class=\"forminator-input forminator-name--field\" data-required=\"\" \/><\/div><\/div><\/div><div class=\"forminator-row\"><div id=\"text-3\" class=\"forminator-field-text forminator-col forminator-col-12 \"><div class=\"forminator-field\"><label for=\"forminator-field-text-3_69dff1f0d3cd5\" id=\"forminator-field-text-3_69dff1f0d3cd5-label\" class=\"forminator-label\">Do you know how to braid a little girl&#039;s hair?<\/label><input type=\"text\" name=\"text-3\" value=\"\" placeholder=\"French? Dutch? Fishtail?\" id=\"forminator-field-text-3_69dff1f0d3cd5\" class=\"forminator-input forminator-name--field\" data-required=\"\" \/><\/div><\/div><\/div><div class=\"forminator-row\"><div id=\"text-4\" class=\"forminator-field-text forminator-col forminator-col-12 \"><div class=\"forminator-field\"><label for=\"forminator-field-text-4_69dff1f0d3cd5\" id=\"forminator-field-text-4_69dff1f0d3cd5-label\" class=\"forminator-label\">Would you be shy to speak on the mic?<\/label><input type=\"text\" name=\"text-4\" value=\"\" placeholder=\"Do you feel after being fully trained is this something you can do?\" id=\"forminator-field-text-4_69dff1f0d3cd5\" class=\"forminator-input forminator-name--field\" data-required=\"\" \/><\/div><\/div><\/div><div class=\"forminator-row\"><div id=\"text-5\" class=\"forminator-field-text forminator-col forminator-col-12 \"><div class=\"forminator-field\"><label for=\"forminator-field-text-5_69dff1f0d3cd5\" id=\"forminator-field-text-5_69dff1f0d3cd5-label\" class=\"forminator-label\">Are you available to work weekends (Fri, Sat &amp; Sun)?<\/label><input type=\"text\" name=\"text-5\" value=\"\" placeholder=\"\" id=\"forminator-field-text-5_69dff1f0d3cd5\" class=\"forminator-input forminator-name--field\" data-required=\"\" \/><\/div><\/div><\/div><div class=\"forminator-row\"><div id=\"text-6\" class=\"forminator-field-text forminator-col forminator-col-12 \"><div class=\"forminator-field\"><label for=\"forminator-field-text-6_69dff1f0d3cd5\" id=\"forminator-field-text-6_69dff1f0d3cd5-label\" class=\"forminator-label\">Are you available at least 2 weekdays? If yes, from what time to what time?<\/label><input type=\"text\" name=\"text-6\" value=\"\" placeholder=\"\" id=\"forminator-field-text-6_69dff1f0d3cd5\" class=\"forminator-input forminator-name--field\" data-required=\"\" \/><\/div><\/div><\/div><div class=\"forminator-row\"><div id=\"radio-9\" class=\"forminator-field-radio forminator-col forminator-col-12 \"><div role=\"radiogroup\" class=\"forminator-field\" aria-labelledby=\"forminator-radiogroup-radio-9-69dff1f0d3cd5-label\"><span id=\"forminator-radiogroup-radio-9-69dff1f0d3cd5-label\" class=\"forminator-label\">Do you have your own car?<\/span><label id=\"forminator-field-radio-9-label-1\" for=\"forminator-field-radio-9-1-69dff1f0d3cd5\" class=\"forminator-radio\" title=\"Yes\"><input type=\"radio\" name=\"radio-9\" value=\"yes\" id=\"forminator-field-radio-9-1-69dff1f0d3cd5\" aria-labelledby=\"forminator-field-radio-9-label-1\" data-calculation=\"0\"   data-hidden-behavior=\"zero\"\/><span class=\"forminator-radio-bullet\" aria-hidden=\"true\"><\/span><span class=\"forminator-radio-label\">Yes<\/span><\/label><label id=\"forminator-field-radio-9-label-2\" for=\"forminator-field-radio-9-2-69dff1f0d3cd5\" class=\"forminator-radio\" title=\"No\"><input type=\"radio\" name=\"radio-9\" value=\"no\" id=\"forminator-field-radio-9-2-69dff1f0d3cd5\" aria-labelledby=\"forminator-field-radio-9-label-2\" data-calculation=\"0\"   data-hidden-behavior=\"zero\"\/><span class=\"forminator-radio-bullet\" aria-hidden=\"true\"><\/span><span class=\"forminator-radio-label\">No<\/span><\/label><\/div><\/div><\/div><div class=\"forminator-row\"><div id=\"upload-1\" class=\"forminator-field-upload forminator-col forminator-col-12 \"><div class=\"forminator-field\"><label for=\"forminator-field-upload-1_69dff1f0d3cd5\" id=\"forminator-field-upload-1_69dff1f0d3cd5-label\" class=\"forminator-label\">UPLOAD YOUR RESUME<\/label><div class=\"forminator-file-upload \" data-element=\"upload-1_69dff1f0d3cd5\"><input type=\"file\" name=\"upload-1\" id=\"forminator-field-upload-1_69dff1f0d3cd5\" class=\"forminator-input-file\" accept=\".pdf,.doc,.docx,.odt,.txt,.rtf\" tabindex=\"-1\"><button id=\"forminator-field-upload-1_69dff1f0d3cd5_button\" class=\"forminator-button forminator-button-upload\" data-id=\"forminator-field-upload-1_69dff1f0d3cd5\">Elegir archivo<\/button><span data-empty-text=\"Ning\u00fan archivo seleccionado\">Ning\u00fan archivo seleccionado<\/span><button class=\"forminator-button-delete\" style=\"display: none;\"><i class=\"forminator-icon-close\" aria-hidden=\"true\"><\/i><span class=\"forminator-screen-reader-only\">Eliminar el archivo subido<\/span><\/button><\/div><\/div><\/div><\/div><div class=\"forminator-row\"><div id=\"upload-2\" class=\"forminator-field-upload forminator-col forminator-col-12 \"><div class=\"forminator-field\"><label for=\"forminator-field-upload-2_69dff1f0d3cd5\" id=\"forminator-field-upload-2_69dff1f0d3cd5-label\" class=\"forminator-label\">UPLOAD YOUR PHOTO<\/label><div class=\"forminator-file-upload \" data-element=\"upload-2_69dff1f0d3cd5\"><input type=\"file\" name=\"upload-2\" id=\"forminator-field-upload-2_69dff1f0d3cd5\" class=\"forminator-input-file\" accept=\".pdf,.doc,.docx,.odt,.txt,.rtf\" tabindex=\"-1\"><button id=\"forminator-field-upload-2_69dff1f0d3cd5_button\" class=\"forminator-button forminator-button-upload\" data-id=\"forminator-field-upload-2_69dff1f0d3cd5\">Elegir archivo<\/button><span data-empty-text=\"Ning\u00fan archivo seleccionado\">Ning\u00fan archivo seleccionado<\/span><button class=\"forminator-button-delete\" style=\"display: none;\"><i class=\"forminator-icon-close\" aria-hidden=\"true\"><\/i><span class=\"forminator-screen-reader-only\">Eliminar el archivo subido<\/span><\/button><\/div><\/div><\/div><\/div><div class=\"forminator-row\"><div id=\"captcha-1\" class=\"forminator-field-captcha forminator-col forminator-col-12 \"><div class=\"forminator-captcha-left forminator-g-recaptcha\" data-theme=\"light\"  data-sitekey=\"6LcYTtYrAAAAAHKIfwq8oHEQ3ehXDauy4Khd2gI9\" data-size=\"normal\"><\/div> <\/div><\/div><input type=\"hidden\" name=\"referer_url\" value=\"\" \/><div class=\"forminator-row forminator-row-last\"><div class=\"forminator-col\"><div class=\"forminator-field\"><button class=\"forminator-button forminator-button-submit\"><span>Submit Application<\/span><span aria-hidden=\"true\"><\/span><\/button><\/div><\/div><\/div><input type=\"hidden\" id=\"forminator_nonce\" name=\"forminator_nonce\" value=\"1108a2cd57\" \/><input type=\"hidden\" name=\"_wp_http_referer\" value=\"\/es\/wp-json\/wp\/v2\/pages\/2298\" \/><input type=\"hidden\" name=\"form_id\" value=\"2295\"><input type=\"hidden\" name=\"page_id\" value=\"2298\"><input type=\"hidden\" name=\"form_type\" value=\"default\"><input type=\"hidden\" name=\"current_url\" value=\"https:\/\/thelepetitspa.com\/es\/carrera-profesional\/\"><input type=\"hidden\" name=\"render_id\" value=\"0\"><input type=\"hidden\" name=\"action\" value=\"forminator_submit_form_custom-forms\"><\/form><\/div>\n\t\t\t\t\t\t<\/div>\n\t\t\t\t<\/div>\n\t\t\t\t\t<\/div>\n\t\t<\/div>\n\t\t\t\t\t<\/div>\n\t\t<\/section>\n\t\t\t\t<\/div>\n\t\t","protected":false},"excerpt":{"rendered":"<p>Forma parte de nuestro equipo La descripci\u00f3n del trabajo consiste, entre otras cosas, en peinar a las chicas, maquillarlas, hacerles pedicuras, manicuras, tratamientos faciales, masajes, jugar, servir pasteles, comida y limpiar despu\u00e9s de las fiestas. Los servicios son s\u00f3lo para fines de entretenimiento, por lo que no se necesita licencia. Y los servicios son para [&hellip;]<\/p>\n","protected":false},"author":6,"featured_media":0,"parent":0,"menu_order":0,"comment_status":"closed","ping_status":"closed","template":"","meta":{"footnotes":""},"class_list":["post-2298","page","type-page","status-publish","hentry"],"_links":{"self":[{"href":"https:\/\/thelepetitspa.com\/es\/wp-json\/wp\/v2\/pages\/2298","targetHints":{"allow":["GET"]}}],"collection":[{"href":"https:\/\/thelepetitspa.com\/es\/wp-json\/wp\/v2\/pages"}],"about":[{"href":"https:\/\/thelepetitspa.com\/es\/wp-json\/wp\/v2\/types\/page"}],"author":[{"embeddable":true,"href":"https:\/\/thelepetitspa.com\/es\/wp-json\/wp\/v2\/users\/6"}],"replies":[{"embeddable":true,"href":"https:\/\/thelepetitspa.com\/es\/wp-json\/wp\/v2\/comments?post=2298"}],"version-history":[{"count":5,"href":"https:\/\/thelepetitspa.com\/es\/wp-json\/wp\/v2\/pages\/2298\/revisions"}],"predecessor-version":[{"id":2379,"href":"https:\/\/thelepetitspa.com\/es\/wp-json\/wp\/v2\/pages\/2298\/revisions\/2379"}],"wp:attachment":[{"href":"https:\/\/thelepetitspa.com\/es\/wp-json\/wp\/v2\/media?parent=2298"}],"curies":[{"name":"wp","href":"https:\/\/api.w.org\/{rel}","templated":true}]}}