{"id":1203,"date":"2022-03-14T17:22:13","date_gmt":"2022-03-14T21:22:13","guid":{"rendered":"https:\/\/thelepetitspa.com\/sobre-nosotros\/"},"modified":"2025-05-08T14:07:31","modified_gmt":"2025-05-08T18:07:31","slug":"sobre-nosotros","status":"publish","type":"page","link":"https:\/\/thelepetitspa.com\/es\/sobre-nosotros\/","title":{"rendered":"Sobre nosotros"},"content":{"rendered":"\t\t<div data-elementor-type=\"wp-page\" data-elementor-id=\"1203\" class=\"elementor elementor-1203 elementor-13\" data-elementor-post-type=\"page\">\n\t\t\t\t\t\t<section data-particle_enable=\"false\" data-particle-mobile-disabled=\"false\" class=\"elementor-section elementor-top-section elementor-element elementor-element-24d2101 elementor-section-boxed elementor-section-height-default elementor-section-height-default\" data-id=\"24d2101\" data-element_type=\"section\" data-e-type=\"section\" data-settings=\"{&quot;background_background&quot;:&quot;gradient&quot;,&quot;shape_divider_bottom&quot;:&quot;triangle&quot;}\">\n\t\t\t\t\t<div class=\"elementor-shape elementor-shape-bottom\" aria-hidden=\"true\" data-negative=\"false\">\n\t\t\t<svg xmlns=\"http:\/\/www.w3.org\/2000\/svg\" viewBox=\"0 0 1000 100\" preserveAspectRatio=\"none\">\n\t<path class=\"elementor-shape-fill\" d=\"M500,98.9L0,6.1V0h1000v6.1L500,98.9z\"\/>\n<\/svg>\t\t<\/div>\n\t\t\t\t\t<div class=\"elementor-container elementor-column-gap-default\">\n\t\t\t\t\t<div class=\"elementor-column elementor-col-50 elementor-top-column elementor-element elementor-element-0c2b6a9\" data-id=\"0c2b6a9\" data-element_type=\"column\" data-e-type=\"column\">\n\t\t\t<div class=\"elementor-widget-wrap elementor-element-populated\">\n\t\t\t\t\t\t<div class=\"elementor-element elementor-element-697546d elementor-widget elementor-widget-image\" data-id=\"697546d\" data-element_type=\"widget\" data-e-type=\"widget\" data-widget_type=\"image.default\">\n\t\t\t\t<div class=\"elementor-widget-container\">\n\t\t\t\t\t\t\t\t\t\t\t\t\t\t\t<img fetchpriority=\"high\" decoding=\"async\" width=\"800\" height=\"534\" src=\"https:\/\/thelepetitspa.com\/wp-content\/uploads\/2022\/06\/About-Us-1-1024x683.jpg\" class=\"attachment-large size-large wp-image-1183\" alt=\"About Us\" srcset=\"https:\/\/thelepetitspa.com\/wp-content\/uploads\/2022\/06\/About-Us-1-1024x683.jpg 1024w, https:\/\/thelepetitspa.com\/wp-content\/uploads\/2022\/06\/About-Us-1-300x200.jpg 300w, https:\/\/thelepetitspa.com\/wp-content\/uploads\/2022\/06\/About-Us-1-768x512.jpg 768w, https:\/\/thelepetitspa.com\/wp-content\/uploads\/2022\/06\/About-Us-1-1536x1024.jpg 1536w, https:\/\/thelepetitspa.com\/wp-content\/uploads\/2022\/06\/About-Us-1.jpg 1999w\" sizes=\"(max-width: 800px) 100vw, 800px\" \/>\t\t\t\t\t\t\t\t\t\t\t\t\t\t\t<\/div>\n\t\t\t\t<\/div>\n\t\t\t\t\t<\/div>\n\t\t<\/div>\n\t\t\t\t<div class=\"elementor-column elementor-col-50 elementor-top-column elementor-element elementor-element-6c634bc\" data-id=\"6c634bc\" data-element_type=\"column\" data-e-type=\"column\" data-settings=\"{&quot;background_background&quot;:&quot;classic&quot;}\">\n\t\t\t<div class=\"elementor-widget-wrap elementor-element-populated\">\n\t\t\t\t\t\t<div class=\"elementor-element elementor-element-d04a39c elementor-widget elementor-widget-image\" data-id=\"d04a39c\" data-element_type=\"widget\" data-e-type=\"widget\" data-widget_type=\"image.default\">\n\t\t\t\t<div class=\"elementor-widget-container\">\n\t\t\t\t\t\t\t\t\t\t\t\t\t\t\t<img decoding=\"async\" width=\"1319\" height=\"341\" src=\"https:\/\/thelepetitspa.com\/wp-content\/uploads\/2022\/07\/sobre-nosotros-1.png\" class=\"attachment-full size-full wp-image-1084\" alt=\"\" srcset=\"https:\/\/thelepetitspa.com\/wp-content\/uploads\/2022\/07\/sobre-nosotros-1.png 1319w, https:\/\/thelepetitspa.com\/wp-content\/uploads\/2022\/07\/sobre-nosotros-1-300x78.png 300w, https:\/\/thelepetitspa.com\/wp-content\/uploads\/2022\/07\/sobre-nosotros-1-1024x265.png 1024w, https:\/\/thelepetitspa.com\/wp-content\/uploads\/2022\/07\/sobre-nosotros-1-768x199.png 768w\" sizes=\"(max-width: 1319px) 100vw, 1319px\" \/>\t\t\t\t\t\t\t\t\t\t\t\t\t\t\t<\/div>\n\t\t\t\t<\/div>\n\t\t\t\t<div class=\"elementor-element elementor-element-8b1e7db elementor-widget elementor-widget-text-editor\" data-id=\"8b1e7db\" data-element_type=\"widget\" data-e-type=\"widget\" data-widget_type=\"text-editor.default\">\n\t\t\t\t<div class=\"elementor-widget-container\">\n\t\t\t\t\t\t\t\t\t<p>Una ma\u00f1ana, cuando me dirig\u00eda a un decadente d\u00eda en el spa, uno de mis gemelos pregunt\u00f3 en qu\u00e9 consist\u00eda la experiencia. A mitad de mi respuesta, mis hijas me suplicaron educadamente (como s\u00f3lo los peque\u00f1os pueden hacerlo) que les diera una cita especial de spa con mam\u00e1 y yo. Y all\u00ed mismo ca\u00ed en la cuenta de que no ser\u00eda estupendo celebrar una fiesta de cumplea\u00f1os infantil en el balneario. Y as\u00ed, de ese inocente atractivo, naci\u00f3 el concepto de Le Petite Spa.<br>Desde 2007, Le Petite Spa es un mundo de ensue\u00f1o creado especialmente para que las ni\u00f1as celebren ocasiones especiales. Es un destino \u00fanico para fiestas de cumplea\u00f1os en las que las ni\u00f1as pueden ser ni\u00f1as y un lugar en el que los padres pueden premiar las buenas notas, el comportamiento positivo y los hitos de la vida de los ni\u00f1os. El entorno de cuento de hadas del balneario adquiere una cualidad m\u00e1gica en las mentes de los j\u00f3venes: se convierte en un palacio para el trato especial y los mimos. El entorno de Le Petite Spa anima a las chicas a relajarse y a sentirse bien consigo mismas. Les hablamos de la importancia de los h\u00e1bitos de vida saludables y del valor de respetar su cuerpo; de cuidar bien su pelo y su piel, de beber mucha agua y de comer alimentos nutritivos.<br>Estos conceptos positivos, junto con una diversi\u00f3n desbordante inspirada en las princesas, son las piedras angulares de todo lo que hacemos en Le Petite Spa. As\u00ed que, por favor, p\u00e1sate y compru\u00e9balo t\u00fa mismo; Le Petite Spa es el lugar al que debes llevar a tus chicas para celebrar que son chicas.<\/p>\t\t\t\t\t\t\t\t<\/div>\n\t\t\t\t<\/div>\n\t\t\t\t\t<\/div>\n\t\t<\/div>\n\t\t\t\t\t<\/div>\n\t\t<\/section>\n\t\t\t\t<section data-particle_enable=\"false\" data-particle-mobile-disabled=\"false\" class=\"elementor-section elementor-top-section elementor-element elementor-element-805b589 elementor-hidden-desktop elementor-hidden-tablet elementor-hidden-mobile elementor-section-boxed elementor-section-height-default elementor-section-height-default\" data-id=\"805b589\" data-element_type=\"section\" data-e-type=\"section\" data-settings=\"{&quot;background_background&quot;:&quot;classic&quot;}\">\n\t\t\t\t\t\t<div class=\"elementor-container elementor-column-gap-default\">\n\t\t\t\t\t<div class=\"elementor-column elementor-col-100 elementor-top-column elementor-element elementor-element-07c22ef\" data-id=\"07c22ef\" data-element_type=\"column\" data-e-type=\"column\">\n\t\t\t<div class=\"elementor-widget-wrap elementor-element-populated\">\n\t\t\t\t\t\t<section data-particle_enable=\"false\" data-particle-mobile-disabled=\"false\" class=\"elementor-section elementor-inner-section elementor-element elementor-element-e696dac elementor-section-boxed elementor-section-height-default elementor-section-height-default\" data-id=\"e696dac\" data-element_type=\"section\" data-e-type=\"section\">\n\t\t\t\t\t\t<div class=\"elementor-container elementor-column-gap-default\">\n\t\t\t\t\t<div class=\"elementor-column elementor-col-33 elementor-inner-column elementor-element elementor-element-39b4cbb\" data-id=\"39b4cbb\" data-element_type=\"column\" data-e-type=\"column\">\n\t\t\t<div class=\"elementor-widget-wrap\">\n\t\t\t\t\t\t\t<\/div>\n\t\t<\/div>\n\t\t\t\t<div class=\"elementor-column elementor-col-33 elementor-inner-column elementor-element elementor-element-baeffcc\" data-id=\"baeffcc\" data-element_type=\"column\" data-e-type=\"column\">\n\t\t\t<div class=\"elementor-widget-wrap elementor-element-populated\">\n\t\t\t\t\t\t<div class=\"elementor-element elementor-element-80d7ba0 elementor-widget elementor-widget-image\" data-id=\"80d7ba0\" data-element_type=\"widget\" data-e-type=\"widget\" data-widget_type=\"image.default\">\n\t\t\t\t<div class=\"elementor-widget-container\">\n\t\t\t\t\t\t\t\t\t\t\t\t\t\t\t<img decoding=\"async\" width=\"1319\" height=\"341\" src=\"https:\/\/thelepetitspa.com\/wp-content\/uploads\/2022\/07\/sobre-nosotros-1.png\" class=\"attachment-full size-full wp-image-1084\" alt=\"\" srcset=\"https:\/\/thelepetitspa.com\/wp-content\/uploads\/2022\/07\/sobre-nosotros-1.png 1319w, https:\/\/thelepetitspa.com\/wp-content\/uploads\/2022\/07\/sobre-nosotros-1-300x78.png 300w, https:\/\/thelepetitspa.com\/wp-content\/uploads\/2022\/07\/sobre-nosotros-1-1024x265.png 1024w, https:\/\/thelepetitspa.com\/wp-content\/uploads\/2022\/07\/sobre-nosotros-1-768x199.png 768w\" sizes=\"(max-width: 1319px) 100vw, 1319px\" \/>\t\t\t\t\t\t\t\t\t\t\t\t\t\t\t<\/div>\n\t\t\t\t<\/div>\n\t\t\t\t<div class=\"elementor-element elementor-element-1dff9e4 elementor-widget elementor-widget-text-editor\" data-id=\"1dff9e4\" data-element_type=\"widget\" data-e-type=\"widget\" data-widget_type=\"text-editor.default\">\n\t\t\t\t<div class=\"elementor-widget-container\">\n\t\t\t\t\t\t\t\t\t<p>Una ma\u00f1ana, cuando me dirig\u00eda a un decadente d\u00eda en el spa, uno de mis gemelos pregunt\u00f3 en qu\u00e9 consist\u00eda la experiencia. A mitad de mi respuesta, mis hijas me suplicaron educadamente (como s\u00f3lo los peque\u00f1os pueden hacerlo) que les diera una cita especial de spa con mam\u00e1 y yo. Y all\u00ed mismo ca\u00ed en la cuenta de que no ser\u00eda estupendo celebrar una fiesta de cumplea\u00f1os infantil en el balneario. Y as\u00ed, de ese inocente atractivo, naci\u00f3 el concepto Le Petite Spa.<br>Le Petite Spa es un mundo de ensue\u00f1o creado especialmente para que las ni\u00f1as celebren ocasiones especiales. Es un destino \u00fanico para fiestas de cumplea\u00f1os en las que las ni\u00f1as pueden ser ni\u00f1as y un lugar en el que los padres pueden premiar las buenas notas, el comportamiento positivo y los hitos de la vida de los ni\u00f1os. El entorno de cuento de hadas del balneario adquiere una cualidad m\u00e1gica en las mentes de los j\u00f3venes: se convierte en un palacio para el trato especial y los mimos. El entorno de Le Petite Spa anima a las chicas a relajarse y a sentirse bien consigo mismas. Les hablamos de la importancia de los h\u00e1bitos de vida saludables y del valor de respetar su cuerpo; de cuidar bien su pelo y su piel, de beber mucha agua y de comer alimentos nutritivos.<br>Estos conceptos positivos, junto con una diversi\u00f3n desbordante inspirada en las princesas, son las piedras angulares de todo lo que hacemos en Le Petite Spa. As\u00ed que, por favor, p\u00e1sate y compru\u00e9balo t\u00fa mismo; Le Petite Spa es el lugar al que debes llevar a tus chicas para celebrar que son chicas.<\/p>\t\t\t\t\t\t\t\t<\/div>\n\t\t\t\t<\/div>\n\t\t\t\t\t<\/div>\n\t\t<\/div>\n\t\t\t\t<div class=\"elementor-column elementor-col-33 elementor-inner-column elementor-element elementor-element-cf0626a\" data-id=\"cf0626a\" data-element_type=\"column\" data-e-type=\"column\">\n\t\t\t<div class=\"elementor-widget-wrap\">\n\t\t\t\t\t\t\t<\/div>\n\t\t<\/div>\n\t\t\t\t\t<\/div>\n\t\t<\/section>\n\t\t\t\t\t<\/div>\n\t\t<\/div>\n\t\t\t\t\t<\/div>\n\t\t<\/section>\n\t\t\t\t<\/div>\n\t\t","protected":false},"excerpt":{"rendered":"<p>Una ma\u00f1ana, cuando me dirig\u00eda a un decadente d\u00eda en el spa, uno de mis gemelos pregunt\u00f3 en qu\u00e9 consist\u00eda la experiencia. A mitad de mi respuesta, mis hijas me suplicaron educadamente (como s\u00f3lo los peque\u00f1os pueden hacerlo) que les diera una cita especial de spa con mam\u00e1 y yo. Y all\u00ed mismo ca\u00ed en [&hellip;]<\/p>\n","protected":false},"author":1,"featured_media":0,"parent":0,"menu_order":0,"comment_status":"closed","ping_status":"closed","template":"","meta":{"footnotes":""},"class_list":["post-1203","page","type-page","status-publish","hentry"],"_links":{"self":[{"href":"https:\/\/thelepetitspa.com\/es\/wp-json\/wp\/v2\/pages\/1203","targetHints":{"allow":["GET"]}}],"collection":[{"href":"https:\/\/thelepetitspa.com\/es\/wp-json\/wp\/v2\/pages"}],"about":[{"href":"https:\/\/thelepetitspa.com\/es\/wp-json\/wp\/v2\/types\/page"}],"author":[{"embeddable":true,"href":"https:\/\/thelepetitspa.com\/es\/wp-json\/wp\/v2\/users\/1"}],"replies":[{"embeddable":true,"href":"https:\/\/thelepetitspa.com\/es\/wp-json\/wp\/v2\/comments?post=1203"}],"version-history":[{"count":10,"href":"https:\/\/thelepetitspa.com\/es\/wp-json\/wp\/v2\/pages\/1203\/revisions"}],"predecessor-version":[{"id":2236,"href":"https:\/\/thelepetitspa.com\/es\/wp-json\/wp\/v2\/pages\/1203\/revisions\/2236"}],"wp:attachment":[{"href":"https:\/\/thelepetitspa.com\/es\/wp-json\/wp\/v2\/media?parent=1203"}],"curies":[{"name":"wp","href":"https:\/\/api.w.org\/{rel}","templated":true}]}}