{"id":1199,"date":"2022-03-14T17:22:53","date_gmt":"2022-03-14T21:22:53","guid":{"rendered":"https:\/\/thelepetitspa.com\/detras-de-la-magia\/"},"modified":"2025-05-08T14:08:56","modified_gmt":"2025-05-08T18:08:56","slug":"detras-de-la-magia","status":"publish","type":"page","link":"https:\/\/thelepetitspa.com\/es\/detras-de-la-magia\/","title":{"rendered":"Detr\u00e1s de la magia"},"content":{"rendered":"\t\t<div data-elementor-type=\"wp-page\" data-elementor-id=\"1199\" class=\"elementor elementor-1199 elementor-17\" data-elementor-post-type=\"page\">\n\t\t\t\t\t\t<section data-particle_enable=\"false\" data-particle-mobile-disabled=\"false\" class=\"elementor-section elementor-top-section elementor-element elementor-element-b12d2a2 elementor-section-boxed elementor-section-height-default elementor-section-height-default\" data-id=\"b12d2a2\" data-element_type=\"section\" data-e-type=\"section\" data-settings=\"{&quot;background_background&quot;:&quot;gradient&quot;,&quot;shape_divider_bottom&quot;:&quot;triangle&quot;}\">\n\t\t\t\t\t<div class=\"elementor-shape elementor-shape-bottom\" aria-hidden=\"true\" data-negative=\"false\">\n\t\t\t<svg xmlns=\"http:\/\/www.w3.org\/2000\/svg\" viewBox=\"0 0 1000 100\" preserveAspectRatio=\"none\">\n\t<path class=\"elementor-shape-fill\" d=\"M500,98.9L0,6.1V0h1000v6.1L500,98.9z\"\/>\n<\/svg>\t\t<\/div>\n\t\t\t\t\t<div class=\"elementor-container elementor-column-gap-default\">\n\t\t\t\t\t<div class=\"elementor-column elementor-col-50 elementor-top-column elementor-element elementor-element-e5e8fc8\" data-id=\"e5e8fc8\" data-element_type=\"column\" data-e-type=\"column\">\n\t\t\t<div class=\"elementor-widget-wrap elementor-element-populated\">\n\t\t\t\t\t\t<div class=\"elementor-element elementor-element-44e16c2 elementor--h-position-center elementor--v-position-middle elementor-widget elementor-widget-slides\" data-id=\"44e16c2\" data-element_type=\"widget\" data-e-type=\"widget\" data-settings=\"{&quot;navigation&quot;:&quot;none&quot;,&quot;autoplay_speed&quot;:4000,&quot;autoplay&quot;:&quot;yes&quot;,&quot;pause_on_hover&quot;:&quot;yes&quot;,&quot;pause_on_interaction&quot;:&quot;yes&quot;,&quot;infinite&quot;:&quot;yes&quot;,&quot;transition&quot;:&quot;slide&quot;,&quot;transition_speed&quot;:500}\" data-widget_type=\"slides.default\">\n\t\t\t\t<div class=\"elementor-widget-container\">\n\t\t\t\t\t\t\t\t\t<div class=\"elementor-swiper\">\n\t\t\t\t\t<div class=\"elementor-slides-wrapper elementor-main-swiper swiper\" role=\"region\" aria-roledescription=\"carousel\" aria-label=\"Diapositivas\" dir=\"ltr\" data-animation=\"fadeInUp\">\n\t\t\t\t<div class=\"swiper-wrapper elementor-slides\">\n\t\t\t\t\t\t\t\t\t\t<div class=\"elementor-repeater-item-870b0a6 swiper-slide\" role=\"group\" aria-roledescription=\"slide\"><div class=\"swiper-slide-bg\" role=\"img\" aria-label=\"btm\"><\/div><div class=\"swiper-slide-inner\" ><div class=\"swiper-slide-contents\"><\/div><\/div><\/div>\t\t\t\t<\/div>\n\t\t\t\t\t\t\t<\/div>\n\t\t\t\t<\/div>\n\t\t\t\t\t\t\t\t<\/div>\n\t\t\t\t<\/div>\n\t\t\t\t\t<\/div>\n\t\t<\/div>\n\t\t\t\t<div class=\"elementor-column elementor-col-50 elementor-top-column elementor-element elementor-element-c7f326c\" data-id=\"c7f326c\" data-element_type=\"column\" data-e-type=\"column\" data-settings=\"{&quot;background_background&quot;:&quot;classic&quot;}\">\n\t\t\t<div class=\"elementor-widget-wrap elementor-element-populated\">\n\t\t\t\t\t\t<div class=\"elementor-element elementor-element-f92cccf elementor-widget elementor-widget-image\" data-id=\"f92cccf\" data-element_type=\"widget\" data-e-type=\"widget\" data-widget_type=\"image.default\">\n\t\t\t\t<div class=\"elementor-widget-container\">\n\t\t\t\t\t\t\t\t\t\t\t\t\t\t\t<img fetchpriority=\"high\" decoding=\"async\" width=\"1319\" height=\"341\" src=\"https:\/\/thelepetitspa.com\/wp-content\/uploads\/2022\/07\/detras-de-la-magia.png\" class=\"attachment-full size-full wp-image-1124\" alt=\"Behind the Magic\" srcset=\"https:\/\/thelepetitspa.com\/wp-content\/uploads\/2022\/07\/detras-de-la-magia.png 1319w, https:\/\/thelepetitspa.com\/wp-content\/uploads\/2022\/07\/detras-de-la-magia-300x78.png 300w, https:\/\/thelepetitspa.com\/wp-content\/uploads\/2022\/07\/detras-de-la-magia-1024x265.png 1024w, https:\/\/thelepetitspa.com\/wp-content\/uploads\/2022\/07\/detras-de-la-magia-768x199.png 768w\" sizes=\"(max-width: 1319px) 100vw, 1319px\" \/>\t\t\t\t\t\t\t\t\t\t\t\t\t\t\t<\/div>\n\t\t\t\t<\/div>\n\t\t\t\t<div class=\"elementor-element elementor-element-ebce97a elementor-widget elementor-widget-text-editor\" data-id=\"ebce97a\" data-element_type=\"widget\" data-e-type=\"widget\" data-widget_type=\"text-editor.default\">\n\t\t\t\t<div class=\"elementor-widget-container\">\n\t\t\t\t\t\t\t\t\t<p>Las obras de arte expuestas en Le Petite Spa son cortes\u00eda de la afamada muralista Diana De Los R\u00edos; una artista c\u00e9lebre en todo el mundo. Diana De Los R\u00edos posee una capacidad innata para crear, un don que agracia no s\u00f3lo su mente y sus manos, sino tambi\u00e9n su coraz\u00f3n, de donde surge toda su obra. La artesan\u00eda a medida de Diana confiere una cualidad m\u00e1gica a Le Petite Spa, ayudando a que el sue\u00f1o de cada cliente peque\u00f1o se haga realidad.<\/p>\t\t\t\t\t\t\t\t<\/div>\n\t\t\t\t<\/div>\n\t\t\t\t<div class=\"elementor-element elementor-element-31d0cf7 elementor-align-left elementor-mobile-align-center elementor-widget elementor-widget-button\" data-id=\"31d0cf7\" data-element_type=\"widget\" data-e-type=\"widget\" data-widget_type=\"button.default\">\n\t\t\t\t<div class=\"elementor-widget-container\">\n\t\t\t\t\t\t\t\t\t<div class=\"elementor-button-wrapper\">\n\t\t\t\t\t<a class=\"elementor-button elementor-button-link elementor-size-sm\" href=\"https:\/\/thelepetitspa.com\/es\/paquetes\/\">\n\t\t\t\t\t\t<span class=\"elementor-button-content-wrapper\">\n\t\t\t\t\t\t\t\t\t<span class=\"elementor-button-text\">NUESTROS SERVICIOS<\/span>\n\t\t\t\t\t<\/span>\n\t\t\t\t\t<\/a>\n\t\t\t\t<\/div>\n\t\t\t\t\t\t\t\t<\/div>\n\t\t\t\t<\/div>\n\t\t\t\t\t<\/div>\n\t\t<\/div>\n\t\t\t\t\t<\/div>\n\t\t<\/section>\n\t\t\t\t<\/div>\n\t\t","protected":false},"excerpt":{"rendered":"<p>Las obras de arte expuestas en Le Petite Spa son cortes\u00eda de la afamada muralista Diana De Los R\u00edos; una artista c\u00e9lebre en todo el mundo. Diana De Los R\u00edos posee una capacidad innata para crear, un don que agracia no s\u00f3lo su mente y sus manos, sino tambi\u00e9n su coraz\u00f3n, de donde surge toda [&hellip;]<\/p>\n","protected":false},"author":1,"featured_media":0,"parent":0,"menu_order":0,"comment_status":"closed","ping_status":"closed","template":"","meta":{"footnotes":""},"class_list":["post-1199","page","type-page","status-publish","hentry"],"_links":{"self":[{"href":"https:\/\/thelepetitspa.com\/es\/wp-json\/wp\/v2\/pages\/1199","targetHints":{"allow":["GET"]}}],"collection":[{"href":"https:\/\/thelepetitspa.com\/es\/wp-json\/wp\/v2\/pages"}],"about":[{"href":"https:\/\/thelepetitspa.com\/es\/wp-json\/wp\/v2\/types\/page"}],"author":[{"embeddable":true,"href":"https:\/\/thelepetitspa.com\/es\/wp-json\/wp\/v2\/users\/1"}],"replies":[{"embeddable":true,"href":"https:\/\/thelepetitspa.com\/es\/wp-json\/wp\/v2\/comments?post=1199"}],"version-history":[{"count":10,"href":"https:\/\/thelepetitspa.com\/es\/wp-json\/wp\/v2\/pages\/1199\/revisions"}],"predecessor-version":[{"id":2240,"href":"https:\/\/thelepetitspa.com\/es\/wp-json\/wp\/v2\/pages\/1199\/revisions\/2240"}],"wp:attachment":[{"href":"https:\/\/thelepetitspa.com\/es\/wp-json\/wp\/v2\/media?parent=1199"}],"curies":[{"name":"wp","href":"https:\/\/api.w.org\/{rel}","templated":true}]}}